{"id":553,"date":"2020-09-24T13:52:48","date_gmt":"2020-09-24T13:52:48","guid":{"rendered":"https:\/\/amorinsesilva.pt\/politica-de-privacidade\/"},"modified":"2020-11-16T17:05:45","modified_gmt":"2020-11-16T17:05:45","slug":"privacy-policy","status":"publish","type":"page","link":"https:\/\/amorinsesilva.pt\/en\/privacy-policy\/","title":{"rendered":"Privacy Policy"},"content":{"rendered":"\t\t<div data-elementor-type=\"wp-page\" data-elementor-id=\"553\" class=\"elementor elementor-553 elementor-246\" data-elementor-post-type=\"page\">\n\t\t\t\t\t\t<section class=\"elementor-section elementor-top-section elementor-element elementor-element-98dff88 elementor-section-full_width elementor-section-height-default elementor-section-height-default\" data-id=\"98dff88\" data-element_type=\"section\" data-e-type=\"section\">\n\t\t\t\t\t\t<div class=\"elementor-container elementor-column-gap-default\">\n\t\t\t\t\t<div class=\"elementor-column elementor-col-100 elementor-top-column elementor-element elementor-element-2a568d9\" data-id=\"2a568d9\" data-element_type=\"column\" data-e-type=\"column\">\n\t\t\t<div class=\"elementor-widget-wrap elementor-element-populated\">\n\t\t\t\t\t\t<div class=\"elementor-element elementor-element-d334e0c elementor-widget elementor-widget-shortcode\" data-id=\"d334e0c\" data-element_type=\"widget\" data-e-type=\"widget\" data-widget_type=\"shortcode.default\">\n\t\t\t\t<div class=\"elementor-widget-container\">\n\t\t\t\t\t\t\t<div class=\"elementor-shortcode\">\t\t<div data-elementor-type=\"section\" data-elementor-id=\"201\" class=\"elementor elementor-201\" data-elementor-post-type=\"elementor_library\">\n\t\t\t\t\t<section class=\"elementor-section elementor-top-section elementor-element elementor-element-e7a7a72 elementor-section-height-min-height elementor-section-boxed elementor-section-height-default elementor-section-items-middle\" data-id=\"e7a7a72\" data-element_type=\"section\" data-e-type=\"section\" data-settings=\"{&quot;background_background&quot;:&quot;classic&quot;,&quot;background_motion_fx_motion_fx_mouse&quot;:&quot;yes&quot;}\">\n\t\t\t\t\t\t<div class=\"elementor-container elementor-column-gap-default\">\n\t\t\t\t\t<div class=\"elementor-column elementor-col-100 elementor-top-column elementor-element elementor-element-729ba0a\" data-id=\"729ba0a\" data-element_type=\"column\" data-e-type=\"column\">\n\t\t\t<div class=\"elementor-widget-wrap elementor-element-populated\">\n\t\t\t\t\t\t\t<\/div>\n\t\t<\/div>\n\t\t\t\t\t<\/div>\n\t\t<\/section>\n\t\t\t\t<\/div>\n\t\t<\/div>\n\t\t\t\t\t\t<\/div>\n\t\t\t\t<\/div>\n\t\t\t\t\t<\/div>\n\t\t<\/div>\n\t\t\t\t\t<\/div>\n\t\t<\/section>\n\t\t\t\t<section class=\"elementor-section elementor-top-section elementor-element elementor-element-51797342 elementor-section-content-middle elementor-section-boxed elementor-section-height-default elementor-section-height-default\" data-id=\"51797342\" data-element_type=\"section\" data-e-type=\"section\">\n\t\t\t\t\t\t<div class=\"elementor-container elementor-column-gap-no\">\n\t\t\t\t\t<div class=\"elementor-column elementor-col-100 elementor-top-column elementor-element elementor-element-519ca4e3\" data-id=\"519ca4e3\" data-element_type=\"column\" data-e-type=\"column\">\n\t\t\t<div class=\"elementor-widget-wrap elementor-element-populated\">\n\t\t\t\t\t\t<div class=\"elementor-element elementor-element-5fab5d40 elementor-widget elementor-widget-heading\" data-id=\"5fab5d40\" data-element_type=\"widget\" data-e-type=\"widget\" data-widget_type=\"heading.default\">\n\t\t\t\t<div class=\"elementor-widget-container\">\n\t\t\t\t\t<h4 class=\"elementor-heading-title elementor-size-default\">Please read our Cookie Policy and Privacy Policy carefully.<\/h4>\t\t\t\t<\/div>\n\t\t\t\t<\/div>\n\t\t\t\t<div class=\"elementor-element elementor-element-648b9bf3 elementor-widget elementor-widget-text-editor\" data-id=\"648b9bf3\" data-element_type=\"widget\" data-e-type=\"widget\" data-widget_type=\"text-editor.default\">\n\t\t\t\t<div class=\"elementor-widget-container\">\n\t\t\t\t\t\t\t\t\t<p>If you do not agree with it, you should not use this website.<br \/>This Cookies Policy and Privacy Policy sets out the forms of collection and use of personal data, as well as the safeguard and security measures adopted in the treatment of them.<\/p><p>AMORINS &amp; SILVA, LDA., On behalf of AMORINS &amp; SILVA, LDA., NIF 500 810 710 hereinafter referred to as AMORINS &amp; SILVA, LDA., Recognizes the importance of privacy. We will never sell your information to third parties, whether individuals or companies.<\/p><p>The website <a href=\"http:\/\/www.amorinsesilva.pt\">www.amorinsesilva.pt<\/a> is owned by<br \/><span style=\"letter-spacing: -0.15px;\">Amorins &amp; Silva<\/span> based in RUA N.\u00aa SR. F\u00c1TIMA, N\u00ba 37 &#8211; 4535-217 MOZELOS.\u00a0\u00a0<\/p>\t\t\t\t\t\t\t\t<\/div>\n\t\t\t\t<\/div>\n\t\t\t\t<div class=\"elementor-element elementor-element-776829cd elementor-widget elementor-widget-heading\" data-id=\"776829cd\" data-element_type=\"widget\" data-e-type=\"widget\" data-widget_type=\"heading.default\">\n\t\t\t\t<div class=\"elementor-widget-container\">\n\t\t\t\t\t<h4 class=\"elementor-heading-title elementor-size-default\">COOKIES POLICY <\/h4>\t\t\t\t<\/div>\n\t\t\t\t<\/div>\n\t\t\t\t<div class=\"elementor-element elementor-element-78f642c1 elementor-widget elementor-widget-text-editor\" data-id=\"78f642c1\" data-element_type=\"widget\" data-e-type=\"widget\" data-widget_type=\"text-editor.default\">\n\t\t\t\t<div class=\"elementor-widget-container\">\n\t\t\t\t\t\t\t\t\t<p>AMORINS &amp; SILVA, LDA. uses cookies that help offer you a better service and experience as a user of our site. By browsing our site you agree to the use of cookies.<\/p><p>To ensure that our website has a good browsing experience for visitors and to provide a more personalized service, our server uses cookies (small information files) to collect and store information. If you wish, you can disable this setting in your browser, subject to limiting access to certain areas of the site or receiving personalized information.<\/p><p>The use of cookies is a common practice in most sites in order to save the user time and facilitate navigation.<\/p><p>AMORINS &amp; SILVA, LDA. uses cookies that help to offer you a better service and experience as a user of our website, you can use cookies in order to collect information during your visit to the website, such as the areas you visit and the activities in which you participate. These files are used to prevent the visitor from having to repeatedly enter their personal information, to facilitate navigation and personalization of the service. Cookies may be used to help with your future uses in the application. Once the computer is able to identify the personal information that has already been made available, you will not be asked for information that was previously made available again.<\/p><p>The user can accept or delete cookies. Most browsers or Internet browsing applications automatically accept cookies. If the user does not intend to use cookies, he \/ she must change the settings of his \/ her browser regarding the acceptance or not of cookies.\u00a0<\/p>\t\t\t\t\t\t\t\t<\/div>\n\t\t\t\t<\/div>\n\t\t\t\t<div class=\"elementor-element elementor-element-33fb6678 elementor-widget elementor-widget-heading\" data-id=\"33fb6678\" data-element_type=\"widget\" data-e-type=\"widget\" data-widget_type=\"heading.default\">\n\t\t\t\t<div class=\"elementor-widget-container\">\n\t\t\t\t\t<h4 class=\"elementor-heading-title elementor-size-default\">PRIVACY POLICY <\/h4>\t\t\t\t<\/div>\n\t\t\t\t<\/div>\n\t\t\t\t<div class=\"elementor-element elementor-element-7e05388b elementor-widget elementor-widget-heading\" data-id=\"7e05388b\" data-element_type=\"widget\" data-e-type=\"widget\" data-widget_type=\"heading.default\">\n\t\t\t\t<div class=\"elementor-widget-container\">\n\t\t\t\t\t<h4 class=\"elementor-heading-title elementor-size-default\">Information Collection <\/h4>\t\t\t\t<\/div>\n\t\t\t\t<\/div>\n\t\t\t\t<div class=\"elementor-element elementor-element-5c904ee0 elementor-widget elementor-widget-text-editor\" data-id=\"5c904ee0\" data-element_type=\"widget\" data-e-type=\"widget\" data-widget_type=\"text-editor.default\">\n\t\t\t\t<div class=\"elementor-widget-container\">\n\t\t\t\t\t\t\t\t\t<p>Whenever the collection of personal information is necessary, the use of that information will be made in compliance with the terms of the applicable legislation, Regulation (EU) 2016\/679 of the European Parliament and of the Council, of 27 April 2016, is guaranteed to the holder the right of access, rectification, alteration, deletion and portability of your personal data, upon written request to the responsible entity, sent by registered mail to RUA N.\u00aa SR. F\u00c1TIMA, N\u00ba 37 &#8211; 4535-217 MOZELOS or by email addressed to <a href=\"mailto:geral@cartoriopaulocosta.pt\">geral@amorins<\/a><a style=\"letter-spacing: -0.15px; background-color: #ffffff;\" href=\"mailto:geral@cartoriopaulocosta.pt\">esilva.pt.<\/a><\/p><p><span style=\"letter-spacing: -0.15px;\">The data subject can also file a complaint with CNPD or another national supervisory authority. <\/span><\/p><p>Toda a informa\u00e7\u00e3o recolhida \u00e9 cedida de forma volunt\u00e1ria seja via website, formul\u00e1rios online, question\u00e1rios, promo\u00e7\u00f5es de servi\u00e7os e\/ou passatempos. O\u00a0<span style=\"letter-spacing: -0.15px;\">Amorins &amp; Silva<\/span>\u00a0recolhe dados pessoais, tais como nomes, moradas, e-mails, n\u00fameros de telefone, endere\u00e7o IP, dados demogr\u00e1ficos e sobre estilos de vida para os fins que adiante se encontram indicados. A entidade respons\u00e1vel pela recolha e tratamento dos dados pessoais \u00e9\u00a0\u00a0<span style=\"letter-spacing: -0.15px;\">Amorins &amp; Silva.\u00a0<\/span><\/p>\t\t\t\t\t\t\t\t<\/div>\n\t\t\t\t<\/div>\n\t\t\t\t<div class=\"elementor-element elementor-element-bd54aff elementor-widget elementor-widget-heading\" data-id=\"bd54aff\" data-element_type=\"widget\" data-e-type=\"widget\" data-widget_type=\"heading.default\">\n\t\t\t\t<div class=\"elementor-widget-container\">\n\t\t\t\t\t<h4 class=\"elementor-heading-title elementor-size-default\">Use of Collected Information <\/h4>\t\t\t\t<\/div>\n\t\t\t\t<\/div>\n\t\t\t\t<div class=\"elementor-element elementor-element-69ed873d elementor-widget elementor-widget-text-editor\" data-id=\"69ed873d\" data-element_type=\"widget\" data-e-type=\"widget\" data-widget_type=\"text-editor.default\">\n\t\t\t\t<div class=\"elementor-widget-container\">\n\t\t\t\t\t\t\t\t\t<p>AMORINS &amp; SILVA, LDA. undertakes to comply with the rules on the processing of personal data in force in Portugal.<\/p><p>The information obtained may be used by AMORINS &amp; SILVA, LDA., To send information on marketing or commercial actions developed for this purpose.<\/p><p>The data collected is intended exclusively for the use of AMORINS &amp; SILVA, LDA., In order to follow up on requests made through this website, ensuring the privacy and protection of user data.<\/p><p>AMORINS &amp; SILVA, LDA. you can hand over your personal information to other companies when you need to do so to provide them with a product or service, ensuring that only the minimum information necessary to satisfy the request is shared.\u00a0<\/p>\t\t\t\t\t\t\t\t<\/div>\n\t\t\t\t<\/div>\n\t\t\t\t<div class=\"elementor-element elementor-element-d50664e elementor-widget elementor-widget-heading\" data-id=\"d50664e\" data-element_type=\"widget\" data-e-type=\"widget\" data-widget_type=\"heading.default\">\n\t\t\t\t<div class=\"elementor-widget-container\">\n\t\t\t\t\t<h4 class=\"elementor-heading-title elementor-size-default\">Right of Access, Rectification, Cancellation and Opposition <\/h4>\t\t\t\t<\/div>\n\t\t\t\t<\/div>\n\t\t\t\t<div class=\"elementor-element elementor-element-39bb54f9 elementor-widget elementor-widget-text-editor\" data-id=\"39bb54f9\" data-element_type=\"widget\" data-e-type=\"widget\" data-widget_type=\"text-editor.default\">\n\t\t\t\t<div class=\"elementor-widget-container\">\n\t\t\t\t\t\t\t\t\t<p>n accordance with Regulation (EU) 2016\/679 of the European Parliament and of the Council, of 27 April 2016, anyone can request access to their personal data, being able to learn about its content, as well as request its rectification , update or request its destruction, by written request addressed to the Generator to the email address: <a href=\"mailto:geral@amorinsesilva.pt\">geral@amorinsesilva.pt<\/a>\u00a0<\/p>\t\t\t\t\t\t\t\t<\/div>\n\t\t\t\t<\/div>\n\t\t\t\t<div class=\"elementor-element elementor-element-4d7df6fe elementor-widget elementor-widget-heading\" data-id=\"4d7df6fe\" data-element_type=\"widget\" data-e-type=\"widget\" data-widget_type=\"heading.default\">\n\t\t\t\t<div class=\"elementor-widget-container\">\n\t\t\t\t\t<h4 class=\"elementor-heading-title elementor-size-default\">Security and Data Protection <\/h4>\t\t\t\t<\/div>\n\t\t\t\t<\/div>\n\t\t\t\t<div class=\"elementor-element elementor-element-573f296 elementor-widget elementor-widget-text-editor\" data-id=\"573f296\" data-element_type=\"widget\" data-e-type=\"widget\" data-widget_type=\"text-editor.default\">\n\t\t\t\t<div class=\"elementor-widget-container\">\n\t\t\t\t\t\t\t\t\t<p>AMORINS &amp; SILVA, LDA. undertakes to adopt the necessary security measures to guarantee the safeguarding of users&#8217; personal data against possible abuse or unauthorized access.<\/p><p>Notwithstanding, and since the internet is not a 100% secure means of communication, AMORINS &amp; SILVA, LDA. cannot guarantee the security of any information you disclose online, nor be responsible for any loss or damage caused to the user as a result of the loss of information confidentiality.\u00a0<\/p>\t\t\t\t\t\t\t\t<\/div>\n\t\t\t\t<\/div>\n\t\t\t\t<div class=\"elementor-element elementor-element-48a012dd elementor-widget elementor-widget-heading\" data-id=\"48a012dd\" data-element_type=\"widget\" data-e-type=\"widget\" data-widget_type=\"heading.default\">\n\t\t\t\t<div class=\"elementor-widget-container\">\n\t\t\t\t\t<h4 class=\"elementor-heading-title elementor-size-default\">Responsibility <\/h4>\t\t\t\t<\/div>\n\t\t\t\t<\/div>\n\t\t\t\t<div class=\"elementor-element elementor-element-5967095e elementor-widget elementor-widget-text-editor\" data-id=\"5967095e\" data-element_type=\"widget\" data-e-type=\"widget\" data-widget_type=\"text-editor.default\">\n\t\t\t\t<div class=\"elementor-widget-container\">\n\t\t\t\t\t\t\t\t\t<p>On this web page, users can find links that redirect them to other web pages outside the domain of AMORINS &amp; SILVA, LDA servers. who can collect data or request personal information themselves. This Privacy Policy does not apply to third party sites, so you should read the Privacy Policy of the third party sites you visit, and we are not responsible for the content and information present on those same sites.\u00a0<\/p>\t\t\t\t\t\t\t\t<\/div>\n\t\t\t\t<\/div>\n\t\t\t\t<div class=\"elementor-element elementor-element-2b8e4dd2 elementor-widget elementor-widget-heading\" data-id=\"2b8e4dd2\" data-element_type=\"widget\" data-e-type=\"widget\" data-widget_type=\"heading.default\">\n\t\t\t\t<div class=\"elementor-widget-container\">\n\t\t\t\t\t<h4 class=\"elementor-heading-title elementor-size-default\">Privacy Policy Agreement <\/h4>\t\t\t\t<\/div>\n\t\t\t\t<\/div>\n\t\t\t\t<div class=\"elementor-element elementor-element-1f9c33fe elementor-widget elementor-widget-text-editor\" data-id=\"1f9c33fe\" data-element_type=\"widget\" data-e-type=\"widget\" data-widget_type=\"text-editor.default\">\n\t\t\t\t<div class=\"elementor-widget-container\">\n\t\t\t\t\t\t\t\t\t<p>It is understood that the user accepts the conditions of this privacy policy when entering his data. Filling out the forms implies the user&#8217;s consent to the automated processing and use of the data in accordance with the privacy conditions described in this document.\u00a0<\/p>\t\t\t\t\t\t\t\t<\/div>\n\t\t\t\t<\/div>\n\t\t\t\t<div class=\"elementor-element elementor-element-1d90f136 elementor-widget elementor-widget-heading\" data-id=\"1d90f136\" data-element_type=\"widget\" data-e-type=\"widget\" data-widget_type=\"heading.default\">\n\t\t\t\t<div class=\"elementor-widget-container\">\n\t\t\t\t\t<h4 class=\"elementor-heading-title elementor-size-default\">Changes to the Privacy Policy <\/h4>\t\t\t\t<\/div>\n\t\t\t\t<\/div>\n\t\t\t\t<div class=\"elementor-element elementor-element-24620622 elementor-widget elementor-widget-text-editor\" data-id=\"24620622\" data-element_type=\"widget\" data-e-type=\"widget\" data-widget_type=\"text-editor.default\">\n\t\t\t\t<div class=\"elementor-widget-container\">\n\t\t\t\t\t\t\t\t\t<p>AMORINS &amp; SILVA, LDA. reserves the right, at any time, to update or revise this Privacy Policy in order to adjust it to possible legislative changes and \/ or other constraints. Any changes made will be published in this space, so the user should visit this area frequently in order to keep informed about the Privacy Policy in force.\u00a0<\/p>\t\t\t\t\t\t\t\t<\/div>\n\t\t\t\t<\/div>\n\t\t\t\t<div class=\"elementor-element elementor-element-f40da95 elementor-widget elementor-widget-text-editor\" data-id=\"f40da95\" data-element_type=\"widget\" data-e-type=\"widget\" data-widget_type=\"text-editor.default\">\n\t\t\t\t<div class=\"elementor-widget-container\">\n\t\t\t\t\t\t\t\t\tMOZELOS, SEPTEMBER 2020 \t\t\t\t\t\t\t\t<\/div>\n\t\t\t\t<\/div>\n\t\t\t\t\t<\/div>\n\t\t<\/div>\n\t\t\t\t\t<\/div>\n\t\t<\/section>\n\t\t\t\t<\/div>\n\t\t","protected":false},"excerpt":{"rendered":"<p>Please read our Cookie Policy and Privacy Policy carefully. If you do not agree with it, you should not use this website.This Cookies Policy and Privacy Policy sets out the forms of collection and use of personal data, as well as the safeguard and security measures adopted in the treatment of them. AMORINS &amp; SILVA, [&hellip;]<\/p>\n","protected":false},"author":1,"featured_media":0,"parent":0,"menu_order":0,"comment_status":"closed","ping_status":"closed","template":"","meta":{"footnotes":""},"class_list":["post-553","page","type-page","status-publish","hentry"],"_links":{"self":[{"href":"https:\/\/amorinsesilva.pt\/en\/wp-json\/wp\/v2\/pages\/553","targetHints":{"allow":["GET"]}}],"collection":[{"href":"https:\/\/amorinsesilva.pt\/en\/wp-json\/wp\/v2\/pages"}],"about":[{"href":"https:\/\/amorinsesilva.pt\/en\/wp-json\/wp\/v2\/types\/page"}],"author":[{"embeddable":true,"href":"https:\/\/amorinsesilva.pt\/en\/wp-json\/wp\/v2\/users\/1"}],"replies":[{"embeddable":true,"href":"https:\/\/amorinsesilva.pt\/en\/wp-json\/wp\/v2\/comments?post=553"}],"version-history":[{"count":5,"href":"https:\/\/amorinsesilva.pt\/en\/wp-json\/wp\/v2\/pages\/553\/revisions"}],"predecessor-version":[{"id":559,"href":"https:\/\/amorinsesilva.pt\/en\/wp-json\/wp\/v2\/pages\/553\/revisions\/559"}],"wp:attachment":[{"href":"https:\/\/amorinsesilva.pt\/en\/wp-json\/wp\/v2\/media?parent=553"}],"curies":[{"name":"wp","href":"https:\/\/api.w.org\/{rel}","templated":true}]}}