{"id":480,"date":"2020-09-24T14:36:17","date_gmt":"2020-09-24T14:36:17","guid":{"rendered":"https:\/\/amorinsesilva.pt\/quem-somos\/"},"modified":"2020-11-16T16:35:02","modified_gmt":"2020-11-16T16:35:02","slug":"who-we-are","status":"publish","type":"page","link":"https:\/\/amorinsesilva.pt\/en\/who-we-are\/","title":{"rendered":"Who we are"},"content":{"rendered":"\t\t<div data-elementor-type=\"wp-page\" data-elementor-id=\"480\" class=\"elementor elementor-480 elementor-253\" data-elementor-post-type=\"page\">\n\t\t\t\t\t\t<section class=\"elementor-section elementor-top-section elementor-element elementor-element-7bd5669 elementor-section-full_width elementor-section-height-default elementor-section-height-default\" data-id=\"7bd5669\" data-element_type=\"section\" data-e-type=\"section\">\n\t\t\t\t\t\t<div class=\"elementor-container elementor-column-gap-default\">\n\t\t\t\t\t<div class=\"elementor-column elementor-col-100 elementor-top-column elementor-element elementor-element-6b92056\" data-id=\"6b92056\" data-element_type=\"column\" data-e-type=\"column\">\n\t\t\t<div class=\"elementor-widget-wrap elementor-element-populated\">\n\t\t\t\t\t\t<div class=\"elementor-element elementor-element-5bf8589 elementor-widget elementor-widget-shortcode\" data-id=\"5bf8589\" data-element_type=\"widget\" data-e-type=\"widget\" data-widget_type=\"shortcode.default\">\n\t\t\t\t<div class=\"elementor-widget-container\">\n\t\t\t\t\t\t\t<div class=\"elementor-shortcode\">\t\t<div data-elementor-type=\"section\" data-elementor-id=\"201\" class=\"elementor elementor-201\" data-elementor-post-type=\"elementor_library\">\n\t\t\t\t\t<section class=\"elementor-section elementor-top-section elementor-element elementor-element-e7a7a72 elementor-section-height-min-height elementor-section-boxed elementor-section-height-default elementor-section-items-middle\" data-id=\"e7a7a72\" data-element_type=\"section\" data-e-type=\"section\" data-settings=\"{&quot;background_background&quot;:&quot;classic&quot;,&quot;background_motion_fx_motion_fx_mouse&quot;:&quot;yes&quot;}\">\n\t\t\t\t\t\t<div class=\"elementor-container elementor-column-gap-default\">\n\t\t\t\t\t<div class=\"elementor-column elementor-col-100 elementor-top-column elementor-element elementor-element-729ba0a\" data-id=\"729ba0a\" data-element_type=\"column\" data-e-type=\"column\">\n\t\t\t<div class=\"elementor-widget-wrap elementor-element-populated\">\n\t\t\t\t\t\t\t<\/div>\n\t\t<\/div>\n\t\t\t\t\t<\/div>\n\t\t<\/section>\n\t\t\t\t<\/div>\n\t\t<\/div>\n\t\t\t\t\t\t<\/div>\n\t\t\t\t<\/div>\n\t\t\t\t\t<\/div>\n\t\t<\/div>\n\t\t\t\t\t<\/div>\n\t\t<\/section>\n\t\t\t\t<section class=\"elementor-section elementor-top-section elementor-element elementor-element-d8147df elementor-section-height-min-height elementor-hidden-desktop elementor-hidden-tablet elementor-hidden-phone elementor-section-boxed elementor-section-height-default elementor-section-items-middle\" data-id=\"d8147df\" data-element_type=\"section\" data-e-type=\"section\">\n\t\t\t\t\t\t<div class=\"elementor-container elementor-column-gap-default\">\n\t\t\t\t\t<div class=\"elementor-column elementor-col-100 elementor-top-column elementor-element elementor-element-7aafc90\" data-id=\"7aafc90\" data-element_type=\"column\" data-e-type=\"column\">\n\t\t\t<div class=\"elementor-widget-wrap elementor-element-populated\">\n\t\t\t\t\t\t<div class=\"elementor-element elementor-element-83f7f43 elementor-widget elementor-widget-heading\" data-id=\"83f7f43\" data-element_type=\"widget\" data-e-type=\"widget\" data-widget_type=\"heading.default\">\n\t\t\t\t<div class=\"elementor-widget-container\">\n\t\t\t\t\t<h4 class=\"elementor-heading-title elementor-size-default\">A empresa<\/h4>\t\t\t\t<\/div>\n\t\t\t\t<\/div>\n\t\t\t\t<div class=\"elementor-element elementor-element-222aa9b elementor-widget-divider--view-line elementor-widget elementor-widget-divider\" data-id=\"222aa9b\" data-element_type=\"widget\" data-e-type=\"widget\" data-widget_type=\"divider.default\">\n\t\t\t\t<div class=\"elementor-widget-container\">\n\t\t\t\t\t\t\t<div class=\"elementor-divider\">\n\t\t\t<span class=\"elementor-divider-separator\">\n\t\t\t\t\t\t<\/span>\n\t\t<\/div>\n\t\t\t\t\t\t<\/div>\n\t\t\t\t<\/div>\n\t\t\t\t<div class=\"elementor-element elementor-element-3d8ceed elementor-widget__width-initial elementor-widget elementor-widget-text-editor\" data-id=\"3d8ceed\" data-element_type=\"widget\" data-e-type=\"widget\" data-widget_type=\"text-editor.default\">\n\t\t\t\t<div class=\"elementor-widget-container\">\n\t\t\t\t\t\t\t\t\t<p>A nossa hist\u00f3ria e conhecimento na arte de trabalhar o a\u00e7o conta com mais de 40 anos.<\/p><p>Somos uma empresa com a miss\u00e3o de apoiar os mais variados setores de atividade, com destaque para a ind\u00fastria da corti\u00e7a, constru\u00e7\u00e3o civil e ambiente.<\/p><p>A nossa vis\u00e3o consiste em anteciparmos respostas face \u00e0s exig\u00eancias de um mercado cada vez mais competitivo. Debru\u00e7amo-nos sobre novas apostas que incidem, sobretudo, em dois fatores essenciais: a capacidade tecnol\u00f3gica e uma constante necessidade de qualificar e potenciar as compet\u00eancias dos nossos colaboradores.<\/p><p>Com larga experi\u00eancia no sector, a nossa equipa tem por objetivo potenciar uma marca de valor acrescentado, direcionada para a execu\u00e7\u00e3o de projetos de elevada complexidade, recorrendo \u00e0 utiliza\u00e7\u00e3o de ferramentas de desenho e corte a laser (CO2 e Fibra). Com elevado rigor e profissionalismo conseguimos satisfazer todo o tipo de solicita\u00e7\u00f5es com qualidade e prazo de entrega.<\/p>\t\t\t\t\t\t\t\t<\/div>\n\t\t\t\t<\/div>\n\t\t\t\t\t<\/div>\n\t\t<\/div>\n\t\t\t\t\t<\/div>\n\t\t<\/section>\n\t\t\t\t<section class=\"elementor-section elementor-top-section elementor-element elementor-element-1969525 elementor-section-height-min-height elementor-hidden-desktop elementor-hidden-tablet elementor-hidden-phone elementor-section-boxed elementor-section-height-default elementor-section-items-middle\" data-id=\"1969525\" data-element_type=\"section\" data-e-type=\"section\" data-settings=\"{&quot;background_background&quot;:&quot;classic&quot;}\">\n\t\t\t\t\t\t<div class=\"elementor-container elementor-column-gap-default\">\n\t\t\t\t\t<div class=\"elementor-column elementor-col-100 elementor-top-column elementor-element elementor-element-4be5bc9\" data-id=\"4be5bc9\" data-element_type=\"column\" data-e-type=\"column\">\n\t\t\t<div class=\"elementor-widget-wrap elementor-element-populated\">\n\t\t\t\t\t\t<div class=\"elementor-element elementor-element-8c06eb3 elementor-widget elementor-widget-heading\" data-id=\"8c06eb3\" data-element_type=\"widget\" data-e-type=\"widget\" data-widget_type=\"heading.default\">\n\t\t\t\t<div class=\"elementor-widget-container\">\n\t\t\t\t\t<h4 class=\"elementor-heading-title elementor-size-default\">The company<\/h4>\t\t\t\t<\/div>\n\t\t\t\t<\/div>\n\t\t\t\t<div class=\"elementor-element elementor-element-899bf61 elementor-widget-divider--view-line elementor-widget elementor-widget-divider\" data-id=\"899bf61\" data-element_type=\"widget\" data-e-type=\"widget\" data-widget_type=\"divider.default\">\n\t\t\t\t<div class=\"elementor-widget-container\">\n\t\t\t\t\t\t\t<div class=\"elementor-divider\">\n\t\t\t<span class=\"elementor-divider-separator\">\n\t\t\t\t\t\t<\/span>\n\t\t<\/div>\n\t\t\t\t\t\t<\/div>\n\t\t\t\t<\/div>\n\t\t\t\t<div class=\"elementor-element elementor-element-abb7b8d elementor-widget__width-initial elementor-widget elementor-widget-text-editor\" data-id=\"abb7b8d\" data-element_type=\"widget\" data-e-type=\"widget\" data-widget_type=\"text-editor.default\">\n\t\t\t\t<div class=\"elementor-widget-container\">\n\t\t\t\t\t\t\t\t\t<p>Our history and knowledge in the art of working with steel is over 40 years old.<\/p><p>We are a company with the mission of supporting the most varied sectors of activity, with an emphasis on the cork industry, civil construction and the environment.<\/p><p>Our vision is to anticipate responses to the demands of an increasingly competitive market. We focus on new bets that focus, above all, on two essential factors: technological capacity and a constant need to qualify and enhance the skills of our technicians and employees.<\/p><p>With extensive experience in the sector, our team aims to promote a brand of added value, directed to the execution of highly complex projects, using the tools of drawing and laser cutting (CO2 and Fiber). With high rigor and professionalism we can satisfy all types of requests with quality and meet deadlines.<\/p>\t\t\t\t\t\t\t\t<\/div>\n\t\t\t\t<\/div>\n\t\t\t\t\t<\/div>\n\t\t<\/div>\n\t\t\t\t\t<\/div>\n\t\t<\/section>\n\t\t\t\t<section class=\"elementor-section elementor-top-section elementor-element elementor-element-4b6e4b8 elementor-section-full_width elementor-section-height-min-height elementor-section-height-default elementor-section-items-middle\" data-id=\"4b6e4b8\" data-element_type=\"section\" data-e-type=\"section\" data-settings=\"{&quot;background_background&quot;:&quot;classic&quot;}\">\n\t\t\t\t\t\t\t<div class=\"elementor-background-overlay\"><\/div>\n\t\t\t\t\t\t\t<div class=\"elementor-container elementor-column-gap-default\">\n\t\t\t\t\t<div class=\"elementor-column elementor-col-50 elementor-top-column elementor-element elementor-element-9a0ff26\" data-id=\"9a0ff26\" data-element_type=\"column\" data-e-type=\"column\">\n\t\t\t<div class=\"elementor-widget-wrap elementor-element-populated\">\n\t\t\t\t\t\t<section class=\"elementor-section elementor-inner-section elementor-element elementor-element-6ed4097 elementor-section-height-min-height section  elementor-section-boxed elementor-section-height-default\" data-id=\"6ed4097\" data-element_type=\"section\" data-e-type=\"section\" data-settings=\"{&quot;background_background&quot;:&quot;classic&quot;}\">\n\t\t\t\t\t\t<div class=\"elementor-container elementor-column-gap-default\">\n\t\t\t\t\t<div class=\"elementor-column elementor-col-100 elementor-inner-column elementor-element elementor-element-bd78209\" data-id=\"bd78209\" data-element_type=\"column\" data-e-type=\"column\">\n\t\t\t<div class=\"elementor-widget-wrap elementor-element-populated\">\n\t\t\t\t\t\t<div class=\"elementor-element elementor-element-829c78a elementor-widget__width-initial elementor-widget elementor-widget-heading\" data-id=\"829c78a\" data-element_type=\"widget\" data-e-type=\"widget\" data-widget_type=\"heading.default\">\n\t\t\t\t<div class=\"elementor-widget-container\">\n\t\t\t\t\t<h4 class=\"elementor-heading-title elementor-size-default\">A empresa<\/h4>\t\t\t\t<\/div>\n\t\t\t\t<\/div>\n\t\t\t\t<div class=\"elementor-element elementor-element-9726a95 elementor-widget__width-initial elementor-widget-divider--view-line elementor-widget elementor-widget-divider\" data-id=\"9726a95\" data-element_type=\"widget\" data-e-type=\"widget\" data-widget_type=\"divider.default\">\n\t\t\t\t<div class=\"elementor-widget-container\">\n\t\t\t\t\t\t\t<div class=\"elementor-divider\">\n\t\t\t<span class=\"elementor-divider-separator\">\n\t\t\t\t\t\t<\/span>\n\t\t<\/div>\n\t\t\t\t\t\t<\/div>\n\t\t\t\t<\/div>\n\t\t\t\t<div class=\"elementor-element elementor-element-6fb85af elementor-widget__width-initial elementor-widget elementor-widget-text-editor\" data-id=\"6fb85af\" data-element_type=\"widget\" data-e-type=\"widget\" data-widget_type=\"text-editor.default\">\n\t\t\t\t<div class=\"elementor-widget-container\">\n\t\t\t\t\t\t\t\t\t<p>A nossa hist\u00f3ria e conhecimento na arte de trabalhar o a\u00e7o conta com mais de 40 anos.<\/p><p>Somos uma empresa com a miss\u00e3o de apoiar os mais variados setores de atividade, com destaque para a ind\u00fastria da corti\u00e7a, constru\u00e7\u00e3o civil e ambiente.<\/p><p>A nossa vis\u00e3o consiste em anteciparmos respostas face \u00e0s exig\u00eancias de um mercado cada vez mais competitivo. Debru\u00e7amo-nos sobre novas apostas que incidem, sobretudo, em dois fatores essenciais: a capacidade tecnol\u00f3gica e uma constante necessidade de qualificar e potenciar as compet\u00eancias dos nossos colaboradores.<\/p><p>Com larga experi\u00eancia no sector, a nossa equipa tem por objetivo potenciar uma marca de valor acrescentado, direcionada para a execu\u00e7\u00e3o de projetos de elevada complexidade, recorrendo \u00e0 utiliza\u00e7\u00e3o de ferramentas de desenho e corte a laser (CO2 e Fibra). Com elevado rigor e profissionalismo conseguimos satisfazer todo o tipo de solicita\u00e7\u00f5es com qualidade e prazo de entrega.<\/p>\t\t\t\t\t\t\t\t<\/div>\n\t\t\t\t<\/div>\n\t\t\t\t\t<\/div>\n\t\t<\/div>\n\t\t\t\t\t<\/div>\n\t\t<\/section>\n\t\t\t\t\t<\/div>\n\t\t<\/div>\n\t\t\t\t<div class=\"elementor-column elementor-col-50 elementor-top-column elementor-element elementor-element-2cdd17a column_section\" data-id=\"2cdd17a\" data-element_type=\"column\" data-e-type=\"column\">\n\t\t\t<div class=\"elementor-widget-wrap elementor-element-populated\">\n\t\t\t\t\t\t<section class=\"elementor-section elementor-inner-section elementor-element elementor-element-38796ef elementor-section-height-min-height section ingles elementor-section-boxed elementor-section-height-default\" data-id=\"38796ef\" data-element_type=\"section\" data-e-type=\"section\" data-settings=\"{&quot;background_background&quot;:&quot;classic&quot;}\">\n\t\t\t\t\t\t<div class=\"elementor-container elementor-column-gap-default\">\n\t\t\t\t\t<div class=\"elementor-column elementor-col-100 elementor-inner-column elementor-element elementor-element-0cdcc43\" data-id=\"0cdcc43\" data-element_type=\"column\" data-e-type=\"column\">\n\t\t\t<div class=\"elementor-widget-wrap elementor-element-populated\">\n\t\t\t\t\t\t<div class=\"elementor-element elementor-element-4852f8f elementor-widget__width-initial elementor-widget elementor-widget-heading\" data-id=\"4852f8f\" data-element_type=\"widget\" data-e-type=\"widget\" data-widget_type=\"heading.default\">\n\t\t\t\t<div class=\"elementor-widget-container\">\n\t\t\t\t\t<h3 class=\"elementor-heading-title elementor-size-default\">The company<\/h3>\t\t\t\t<\/div>\n\t\t\t\t<\/div>\n\t\t\t\t<div class=\"elementor-element elementor-element-abc399d elementor-widget__width-initial elementor-widget-divider--view-line elementor-widget elementor-widget-divider\" data-id=\"abc399d\" data-element_type=\"widget\" data-e-type=\"widget\" data-widget_type=\"divider.default\">\n\t\t\t\t<div class=\"elementor-widget-container\">\n\t\t\t\t\t\t\t<div class=\"elementor-divider\">\n\t\t\t<span class=\"elementor-divider-separator\">\n\t\t\t\t\t\t<\/span>\n\t\t<\/div>\n\t\t\t\t\t\t<\/div>\n\t\t\t\t<\/div>\n\t\t\t\t<div class=\"elementor-element elementor-element-2b769d9 elementor-widget__width-initial elementor-widget elementor-widget-text-editor\" data-id=\"2b769d9\" data-element_type=\"widget\" data-e-type=\"widget\" data-widget_type=\"text-editor.default\">\n\t\t\t\t<div class=\"elementor-widget-container\">\n\t\t\t\t\t\t\t\t\t<p>Our history and knowledge in the art of working with steel is over 40 years old.<\/p><p>We are a company with the mission of supporting the most varied sectors of activity, with an emphasis on the cork industry, civil construction and the environment.<\/p><p>Our vision is to anticipate responses to the demands of an increasingly competitive market. We focus on new bets that focus, above all, on two essential factors: technological capacity and a constant need to qualify and enhance the skills of our technicians and employees.<\/p><p>With extensive experience in the sector, our team aims to promote a brand of added value, directed to the execution of highly complex projects, using the tools of drawing and laser cutting (CO2 and Fiber). With high rigor and professionalism we can satisfy all types of requests with quality and meet deadlines.<\/p>\t\t\t\t\t\t\t\t<\/div>\n\t\t\t\t<\/div>\n\t\t\t\t\t<\/div>\n\t\t<\/div>\n\t\t\t\t\t<\/div>\n\t\t<\/section>\n\t\t\t\t\t<\/div>\n\t\t<\/div>\n\t\t\t\t\t<\/div>\n\t\t<\/section>\n\t\t\t\t<\/div>\n\t\t","protected":false},"excerpt":{"rendered":"<p>A empresa A nossa hist\u00f3ria e conhecimento na arte de trabalhar o a\u00e7o conta com mais de 40 anos. Somos uma empresa com a miss\u00e3o de apoiar os mais variados setores de atividade, com destaque para a ind\u00fastria da corti\u00e7a, constru\u00e7\u00e3o civil e ambiente. A nossa vis\u00e3o consiste em anteciparmos respostas face \u00e0s exig\u00eancias de [&hellip;]<\/p>\n","protected":false},"author":1,"featured_media":0,"parent":0,"menu_order":0,"comment_status":"closed","ping_status":"closed","template":"","meta":{"footnotes":""},"class_list":["post-480","page","type-page","status-publish","hentry"],"_links":{"self":[{"href":"https:\/\/amorinsesilva.pt\/en\/wp-json\/wp\/v2\/pages\/480","targetHints":{"allow":["GET"]}}],"collection":[{"href":"https:\/\/amorinsesilva.pt\/en\/wp-json\/wp\/v2\/pages"}],"about":[{"href":"https:\/\/amorinsesilva.pt\/en\/wp-json\/wp\/v2\/types\/page"}],"author":[{"embeddable":true,"href":"https:\/\/amorinsesilva.pt\/en\/wp-json\/wp\/v2\/users\/1"}],"replies":[{"embeddable":true,"href":"https:\/\/amorinsesilva.pt\/en\/wp-json\/wp\/v2\/comments?post=480"}],"version-history":[{"count":3,"href":"https:\/\/amorinsesilva.pt\/en\/wp-json\/wp\/v2\/pages\/480\/revisions"}],"predecessor-version":[{"id":494,"href":"https:\/\/amorinsesilva.pt\/en\/wp-json\/wp\/v2\/pages\/480\/revisions\/494"}],"wp:attachment":[{"href":"https:\/\/amorinsesilva.pt\/en\/wp-json\/wp\/v2\/media?parent=480"}],"curies":[{"name":"wp","href":"https:\/\/api.w.org\/{rel}","templated":true}]}}